{"id":4544,"date":"2022-02-24T09:56:02","date_gmt":"2022-02-24T09:56:02","guid":{"rendered":"https:\/\/eurocarsbedrijfswagens.nl\/?page_id=4544"},"modified":"2026-04-15T17:29:46","modified_gmt":"2026-04-15T15:29:46","slug":"veelgestelde-vragen","status":"publish","type":"page","link":"https:\/\/www.shortleaseland.nl\/de\/veelgestelde-vragen\/","title":{"rendered":"H\u00e4ufig gestellte Fragen"},"content":{"rendered":"<p><span style=\"font-weight: 400\">Die Wartung ist in Ihrem Kurzzeit-Leasingvertrag enthalten, sodass Sie sich keine Gedanken \u00fcber zus\u00e4tzliche Kosten machen m\u00fcssen. Hinter der Sonnenblende finden Sie eine Wartungskarte, auf der die Anzahl der Kilometer aufgef\u00fchrt ist, die Ihr Auto warten muss. Bei einigen Fahrzeugen wird im Armaturenbrett auch eine Meldung angezeigt, dass das Fahrzeug gewartet werden muss.\u00a0<\/span><\/p>\n<p>&nbsp;<\/p>\n<p><span style=\"font-weight: 400\">\u00dcber die Website k\u00f6nnen Sie ganz einfach einen Service anfordern. Anschlie\u00dfend wird sich einer unserer Mitarbeiter mit Ihnen in Verbindung setzen, um dies zu vereinbaren.<\/span><\/p>\n<p><span style=\"font-weight: 400\">[<\/span><b>WARTUNG ANFRAGEN]<\/b><\/p>","protected":false},"excerpt":{"rendered":"<p>Die Wartung ist in Ihrem Kurzmietvertrag enthalten, sodass Sie sich keine Gedanken \u00fcber zus\u00e4tzliche Kosten machen m\u00fcssen. Hinter der Sonnenblende finden Sie eine Wartungskarte, auf der die Anzahl der Kilometer aufgef\u00fchrt ist, nach denen Ihr Auto erneut gewartet werden muss. Bei einigen Fahrzeugen wird auch eine Meldung auf dem Armaturenbrett angezeigt, die darauf hinweist, dass das Fahrzeug nicht mehr funktioniert<\/p>","protected":false},"author":9,"featured_media":0,"parent":0,"menu_order":0,"comment_status":"closed","ping_status":"closed","template":"","meta":{"_acf_changed":false,"footnotes":""},"class_list":["post-4544","page","type-page","status-publish","hentry"],"acf":[],"yoast_head":"<!-- This site is optimized with the Yoast SEO plugin v25.9 - https:\/\/yoast.com\/wordpress\/plugins\/seo\/ -->\n<title>Veelgestelde vragen - Shortleaseland<\/title>\n<meta name=\"description\" content=\"Heb je een vraag? Bekijk dan hier onze veelgestelde vragen. Staat jouw vraag er niet tussen? Neem dan contact met ons op.\" \/>\n<meta name=\"robots\" content=\"index, follow, max-snippet:-1, max-image-preview:large, max-video-preview:-1\" \/>\n<link rel=\"canonical\" href=\"https:\/\/www.shortleaseland.nl\/de\/veelgestelde-vragen\/\" \/>\n<meta property=\"og:locale\" content=\"de_DE\" \/>\n<meta property=\"og:type\" content=\"article\" \/>\n<meta property=\"og:title\" content=\"Veelgestelde vragen - Shortleaseland\" \/>\n<meta property=\"og:description\" content=\"Heb je een vraag? Bekijk dan hier onze veelgestelde vragen. Staat jouw vraag er niet tussen? Neem dan contact met ons op.\" \/>\n<meta property=\"og:url\" content=\"https:\/\/www.shortleaseland.nl\/de\/veelgestelde-vragen\/\" \/>\n<meta property=\"og:site_name\" content=\"Shortleaseland\" \/>\n<meta property=\"article:modified_time\" content=\"2026-04-15T15:29:46+00:00\" \/>\n<meta name=\"twitter:card\" content=\"summary_large_image\" \/>\n<meta name=\"twitter:label1\" content=\"Est. reading time\" \/>\n\t<meta name=\"twitter:data1\" content=\"1\u00a0Minute\" \/>\n<script type=\"application\/ld+json\" class=\"yoast-schema-graph\">{\"@context\":\"https:\/\/schema.org\",\"@graph\":[{\"@type\":\"WebPage\",\"@id\":\"https:\/\/www.shortleaseland.nl\/veelgestelde-vragen\/\",\"url\":\"https:\/\/www.shortleaseland.nl\/veelgestelde-vragen\/\",\"name\":\"Veelgestelde vragen - Shortleaseland\",\"isPartOf\":{\"@id\":\"https:\/\/www.shortleaseland.nl\/#website\"},\"datePublished\":\"2022-02-24T09:56:02+00:00\",\"dateModified\":\"2026-04-15T15:29:46+00:00\",\"description\":\"Heb je een vraag? Bekijk dan hier onze veelgestelde vragen. Staat jouw vraag er niet tussen? Neem dan contact met ons op.\",\"breadcrumb\":{\"@id\":\"https:\/\/www.shortleaseland.nl\/veelgestelde-vragen\/#breadcrumb\"},\"inLanguage\":\"de\",\"potentialAction\":[{\"@type\":\"ReadAction\",\"target\":[\"https:\/\/www.shortleaseland.nl\/veelgestelde-vragen\/\"]}]},{\"@type\":\"BreadcrumbList\",\"@id\":\"https:\/\/www.shortleaseland.nl\/veelgestelde-vragen\/#breadcrumb\",\"itemListElement\":[{\"@type\":\"ListItem\",\"position\":1,\"name\":\"Home\",\"item\":\"https:\/\/www.shortleaseland.nl\/\"},{\"@type\":\"ListItem\",\"position\":2,\"name\":\"Veelgestelde vragen\"}]},{\"@type\":\"WebSite\",\"@id\":\"https:\/\/www.shortleaseland.nl\/#website\",\"url\":\"https:\/\/www.shortleaseland.nl\/\",\"name\":\"Shortleaseland\",\"description\":\"Bij Shortleaseland lease je een bedrijfswagen of personenauto tegen een zeer scherp tarief.\",\"potentialAction\":[{\"@type\":\"SearchAction\",\"target\":{\"@type\":\"EntryPoint\",\"urlTemplate\":\"https:\/\/www.shortleaseland.nl\/?s={search_term_string}\"},\"query-input\":{\"@type\":\"PropertyValueSpecification\",\"valueRequired\":true,\"valueName\":\"search_term_string\"}}],\"inLanguage\":\"de\"}]}<\/script>\n<!-- \/ Yoast SEO plugin. -->","yoast_head_json":{"title":"H\u00e4ufig gestellte Fragen - Shortleaseland","description":"Haben Sie eine Frage? Hier finden Sie unsere h\u00e4ufig gestellten Fragen. Ist Ihre Frage nicht aufgef\u00fchrt? Bitte kontaktieren Sie uns.","robots":{"index":"index","follow":"follow","max-snippet":"max-snippet:-1","max-image-preview":"max-image-preview:large","max-video-preview":"max-video-preview:-1"},"canonical":"https:\/\/www.shortleaseland.nl\/de\/veelgestelde-vragen\/","og_locale":"de_DE","og_type":"article","og_title":"Veelgestelde vragen - Shortleaseland","og_description":"Heb je een vraag? Bekijk dan hier onze veelgestelde vragen. Staat jouw vraag er niet tussen? Neem dan contact met ons op.","og_url":"https:\/\/www.shortleaseland.nl\/de\/veelgestelde-vragen\/","og_site_name":"Shortleaseland","article_modified_time":"2026-04-15T15:29:46+00:00","twitter_card":"summary_large_image","twitter_misc":{"Est. reading time":"1\u00a0Minute"},"schema":{"@context":"https:\/\/schema.org","@graph":[{"@type":"WebPage","@id":"https:\/\/www.shortleaseland.nl\/veelgestelde-vragen\/","url":"https:\/\/www.shortleaseland.nl\/veelgestelde-vragen\/","name":"H\u00e4ufig gestellte Fragen - Shortleaseland","isPartOf":{"@id":"https:\/\/www.shortleaseland.nl\/#website"},"datePublished":"2022-02-24T09:56:02+00:00","dateModified":"2026-04-15T15:29:46+00:00","description":"Haben Sie eine Frage? Hier finden Sie unsere h\u00e4ufig gestellten Fragen. Ist Ihre Frage nicht aufgef\u00fchrt? Bitte kontaktieren Sie uns.","breadcrumb":{"@id":"https:\/\/www.shortleaseland.nl\/veelgestelde-vragen\/#breadcrumb"},"inLanguage":"de","potentialAction":[{"@type":"ReadAction","target":["https:\/\/www.shortleaseland.nl\/veelgestelde-vragen\/"]}]},{"@type":"BreadcrumbList","@id":"https:\/\/www.shortleaseland.nl\/veelgestelde-vragen\/#breadcrumb","itemListElement":[{"@type":"ListItem","position":1,"name":"Home","item":"https:\/\/www.shortleaseland.nl\/"},{"@type":"ListItem","position":2,"name":"Veelgestelde vragen"}]},{"@type":"WebSite","@id":"https:\/\/www.shortleaseland.nl\/#website","url":"https:\/\/www.shortleaseland.nl\/","name":"Shortleaseland","description":"Bei Shortleaseland leasen Sie einen Firmenwagen oder Pkw zu einem sehr g\u00fcnstigen Preis.","potentialAction":[{"@type":"SearchAction","target":{"@type":"EntryPoint","urlTemplate":"https:\/\/www.shortleaseland.nl\/?s={search_term_string}"},"query-input":{"@type":"PropertyValueSpecification","valueRequired":true,"valueName":"search_term_string"}}],"inLanguage":"de"}]}},"_links":{"self":[{"href":"https:\/\/www.shortleaseland.nl\/de\/wp-json\/wp\/v2\/pages\/4544","targetHints":{"allow":["GET"]}}],"collection":[{"href":"https:\/\/www.shortleaseland.nl\/de\/wp-json\/wp\/v2\/pages"}],"about":[{"href":"https:\/\/www.shortleaseland.nl\/de\/wp-json\/wp\/v2\/types\/page"}],"author":[{"embeddable":true,"href":"https:\/\/www.shortleaseland.nl\/de\/wp-json\/wp\/v2\/users\/9"}],"replies":[{"embeddable":true,"href":"https:\/\/www.shortleaseland.nl\/de\/wp-json\/wp\/v2\/comments?post=4544"}],"version-history":[{"count":52,"href":"https:\/\/www.shortleaseland.nl\/de\/wp-json\/wp\/v2\/pages\/4544\/revisions"}],"predecessor-version":[{"id":161925,"href":"https:\/\/www.shortleaseland.nl\/de\/wp-json\/wp\/v2\/pages\/4544\/revisions\/161925"}],"wp:attachment":[{"href":"https:\/\/www.shortleaseland.nl\/de\/wp-json\/wp\/v2\/media?parent=4544"}],"curies":[{"name":"wp","href":"https:\/\/api.w.org\/{rel}","templated":true}]}}