{"id":104762,"date":"2023-04-19T14:20:12","date_gmt":"2023-04-19T14:20:12","guid":{"rendered":"https:\/\/www.shortleaseland.nl\/?page_id=104762"},"modified":"2025-01-22T09:45:57","modified_gmt":"2025-01-22T07:45:57","slug":"service","status":"publish","type":"page","link":"https:\/\/www.shortleaseland.nl\/fr\/service\/","title":{"rendered":"Service"},"content":{"rendered":"","protected":false},"excerpt":{"rendered":"","protected":false},"author":9,"featured_media":0,"parent":0,"menu_order":0,"comment_status":"closed","ping_status":"closed","template":"","meta":{"_acf_changed":false,"footnotes":""},"class_list":["post-104762","page","type-page","status-publish","hentry"],"acf":[],"yoast_head":"<!-- This site is optimized with the Yoast SEO plugin v25.9 - https:\/\/yoast.com\/wordpress\/plugins\/seo\/ -->\n<title>Alle services - Shortleaseland<\/title>\n<meta name=\"description\" content=\"Alle services van Shortleaseland \u00bb Onderhoud aanvragen \u00bb Contract aanpassingen \u00bb Opzeggen \u00bb Inkoopservice \u00bb Schade melden \u00bb Zoekhulp.\" \/>\n<meta name=\"robots\" content=\"index, follow, max-snippet:-1, max-image-preview:large, max-video-preview:-1\" \/>\n<link rel=\"canonical\" href=\"https:\/\/www.shortleaseland.nl\/fr\/service\/\" \/>\n<meta property=\"og:locale\" content=\"fr_FR\" \/>\n<meta property=\"og:type\" content=\"article\" \/>\n<meta property=\"og:title\" content=\"Alle services - Shortleaseland\" \/>\n<meta property=\"og:description\" content=\"Alle services van Shortleaseland \u00bb Onderhoud aanvragen \u00bb Contract aanpassingen \u00bb Opzeggen \u00bb Inkoopservice \u00bb Schade melden \u00bb Zoekhulp.\" \/>\n<meta property=\"og:url\" content=\"https:\/\/www.shortleaseland.nl\/fr\/service\/\" \/>\n<meta property=\"og:site_name\" content=\"Shortleaseland\" \/>\n<meta property=\"article:modified_time\" content=\"2025-01-22T07:45:57+00:00\" \/>\n<meta name=\"twitter:card\" content=\"summary_large_image\" \/>\n<script type=\"application\/ld+json\" class=\"yoast-schema-graph\">{\"@context\":\"https:\/\/schema.org\",\"@graph\":[{\"@type\":\"WebPage\",\"@id\":\"https:\/\/www.shortleaseland.nl\/service\/\",\"url\":\"https:\/\/www.shortleaseland.nl\/service\/\",\"name\":\"Alle services - Shortleaseland\",\"isPartOf\":{\"@id\":\"https:\/\/www.shortleaseland.nl\/#website\"},\"datePublished\":\"2023-04-19T14:20:12+00:00\",\"dateModified\":\"2025-01-22T07:45:57+00:00\",\"description\":\"Alle services van Shortleaseland \u00bb Onderhoud aanvragen \u00bb Contract aanpassingen \u00bb Opzeggen \u00bb Inkoopservice \u00bb Schade melden \u00bb Zoekhulp.\",\"breadcrumb\":{\"@id\":\"https:\/\/www.shortleaseland.nl\/service\/#breadcrumb\"},\"inLanguage\":\"fr-FR\",\"potentialAction\":[{\"@type\":\"ReadAction\",\"target\":[\"https:\/\/www.shortleaseland.nl\/service\/\"]}]},{\"@type\":\"BreadcrumbList\",\"@id\":\"https:\/\/www.shortleaseland.nl\/service\/#breadcrumb\",\"itemListElement\":[{\"@type\":\"ListItem\",\"position\":1,\"name\":\"Home\",\"item\":\"https:\/\/www.shortleaseland.nl\/\"},{\"@type\":\"ListItem\",\"position\":2,\"name\":\"Service\"}]},{\"@type\":\"WebSite\",\"@id\":\"https:\/\/www.shortleaseland.nl\/#website\",\"url\":\"https:\/\/www.shortleaseland.nl\/\",\"name\":\"Shortleaseland\",\"description\":\"Bij Shortleaseland lease je een bedrijfswagen of personenauto tegen een zeer scherp tarief.\",\"potentialAction\":[{\"@type\":\"SearchAction\",\"target\":{\"@type\":\"EntryPoint\",\"urlTemplate\":\"https:\/\/www.shortleaseland.nl\/?s={search_term_string}\"},\"query-input\":{\"@type\":\"PropertyValueSpecification\",\"valueRequired\":true,\"valueName\":\"search_term_string\"}}],\"inLanguage\":\"fr-FR\"}]}<\/script>\n<!-- \/ Yoast SEO plugin. -->","yoast_head_json":{"title":"Tous les services - Shortleaseland","description":"Tous les services Shortleaseland \u00bb Demande d&#039;entretien \u00bb Ajustements de contrat \u00bb Annulation \u00bb Achat de service \u00bb Signaler un dommage \u00bb Aide \u00e0 la recherche.","robots":{"index":"index","follow":"follow","max-snippet":"max-snippet:-1","max-image-preview":"max-image-preview:large","max-video-preview":"max-video-preview:-1"},"canonical":"https:\/\/www.shortleaseland.nl\/fr\/service\/","og_locale":"fr_FR","og_type":"article","og_title":"Alle services - Shortleaseland","og_description":"Alle services van Shortleaseland \u00bb Onderhoud aanvragen \u00bb Contract aanpassingen \u00bb Opzeggen \u00bb Inkoopservice \u00bb Schade melden \u00bb Zoekhulp.","og_url":"https:\/\/www.shortleaseland.nl\/fr\/service\/","og_site_name":"Shortleaseland","article_modified_time":"2025-01-22T07:45:57+00:00","twitter_card":"summary_large_image","schema":{"@context":"https:\/\/schema.org","@graph":[{"@type":"WebPage","@id":"https:\/\/www.shortleaseland.nl\/service\/","url":"https:\/\/www.shortleaseland.nl\/service\/","name":"Tous les services - Shortleaseland","isPartOf":{"@id":"https:\/\/www.shortleaseland.nl\/#website"},"datePublished":"2023-04-19T14:20:12+00:00","dateModified":"2025-01-22T07:45:57+00:00","description":"Tous les services Shortleaseland \u00bb Demande d&#039;entretien \u00bb Ajustements de contrat \u00bb Annulation \u00bb Achat de service \u00bb Signaler un dommage \u00bb Aide \u00e0 la recherche.","breadcrumb":{"@id":"https:\/\/www.shortleaseland.nl\/service\/#breadcrumb"},"inLanguage":"fr-FR","potentialAction":[{"@type":"ReadAction","target":["https:\/\/www.shortleaseland.nl\/service\/"]}]},{"@type":"BreadcrumbList","@id":"https:\/\/www.shortleaseland.nl\/service\/#breadcrumb","itemListElement":[{"@type":"ListItem","position":1,"name":"Home","item":"https:\/\/www.shortleaseland.nl\/"},{"@type":"ListItem","position":2,"name":"Service"}]},{"@type":"WebSite","@id":"https:\/\/www.shortleaseland.nl\/#website","url":"https:\/\/www.shortleaseland.nl\/","name":"Shortleaseland","description":"Chez Shortleaseland, vous louez une voiture de soci\u00e9t\u00e9 ou une voiture de tourisme \u00e0 un tarif tr\u00e8s comp\u00e9titif.","potentialAction":[{"@type":"SearchAction","target":{"@type":"EntryPoint","urlTemplate":"https:\/\/www.shortleaseland.nl\/?s={search_term_string}"},"query-input":{"@type":"PropertyValueSpecification","valueRequired":true,"valueName":"search_term_string"}}],"inLanguage":"fr-FR"}]}},"_links":{"self":[{"href":"https:\/\/www.shortleaseland.nl\/fr\/wp-json\/wp\/v2\/pages\/104762","targetHints":{"allow":["GET"]}}],"collection":[{"href":"https:\/\/www.shortleaseland.nl\/fr\/wp-json\/wp\/v2\/pages"}],"about":[{"href":"https:\/\/www.shortleaseland.nl\/fr\/wp-json\/wp\/v2\/types\/page"}],"author":[{"embeddable":true,"href":"https:\/\/www.shortleaseland.nl\/fr\/wp-json\/wp\/v2\/users\/9"}],"replies":[{"embeddable":true,"href":"https:\/\/www.shortleaseland.nl\/fr\/wp-json\/wp\/v2\/comments?post=104762"}],"version-history":[{"count":12,"href":"https:\/\/www.shortleaseland.nl\/fr\/wp-json\/wp\/v2\/pages\/104762\/revisions"}],"predecessor-version":[{"id":147838,"href":"https:\/\/www.shortleaseland.nl\/fr\/wp-json\/wp\/v2\/pages\/104762\/revisions\/147838"}],"wp:attachment":[{"href":"https:\/\/www.shortleaseland.nl\/fr\/wp-json\/wp\/v2\/media?parent=104762"}],"curies":[{"name":"wp","href":"https:\/\/api.w.org\/{rel}","templated":true}]}}