{"id":134715,"date":"2023-06-21T16:05:01","date_gmt":"2023-06-21T14:05:01","guid":{"rendered":"https:\/\/www.shortleaseland.nl\/?page_id=134715"},"modified":"2025-02-05T15:08:59","modified_gmt":"2025-02-05T13:08:59","slug":"algemene-voorwaarden","status":"publish","type":"page","link":"https:\/\/www.shortleaseland.nl\/fr\/algemene-voorwaarden\/","title":{"rendered":"Termes et conditions"},"content":{"rendered":"","protected":false},"excerpt":{"rendered":"","protected":false},"author":9,"featured_media":0,"parent":0,"menu_order":0,"comment_status":"closed","ping_status":"closed","template":"","meta":{"_acf_changed":false,"footnotes":""},"class_list":["post-134715","page","type-page","status-publish","hentry"],"acf":[],"yoast_head":"<!-- This site is optimized with the Yoast SEO plugin v25.9 - https:\/\/yoast.com\/wordpress\/plugins\/seo\/ -->\n<title>Algemene voorwaarden - Shortleaseland<\/title>\n<meta name=\"description\" content=\"Bekijk hier onze algemene voowaarden voor zowel particulier als voor zakelijk.\" \/>\n<meta name=\"robots\" content=\"index, follow, max-snippet:-1, max-image-preview:large, max-video-preview:-1\" \/>\n<link rel=\"canonical\" href=\"https:\/\/www.shortleaseland.nl\/fr\/algemene-voorwaarden\/\" \/>\n<meta property=\"og:locale\" content=\"fr_FR\" \/>\n<meta property=\"og:type\" content=\"article\" \/>\n<meta property=\"og:title\" content=\"Algemene voorwaarden - Shortleaseland\" \/>\n<meta property=\"og:description\" content=\"Bekijk hier onze algemene voowaarden voor zowel particulier als voor zakelijk.\" \/>\n<meta property=\"og:url\" content=\"https:\/\/www.shortleaseland.nl\/fr\/algemene-voorwaarden\/\" \/>\n<meta property=\"og:site_name\" content=\"Shortleaseland\" \/>\n<meta property=\"article:modified_time\" content=\"2025-02-05T13:08:59+00:00\" \/>\n<meta name=\"twitter:card\" content=\"summary_large_image\" \/>\n<script type=\"application\/ld+json\" class=\"yoast-schema-graph\">{\"@context\":\"https:\/\/schema.org\",\"@graph\":[{\"@type\":\"WebPage\",\"@id\":\"https:\/\/www.shortleaseland.nl\/algemene-voorwaarden\/\",\"url\":\"https:\/\/www.shortleaseland.nl\/algemene-voorwaarden\/\",\"name\":\"Algemene voorwaarden - Shortleaseland\",\"isPartOf\":{\"@id\":\"https:\/\/www.shortleaseland.nl\/#website\"},\"datePublished\":\"2023-06-21T14:05:01+00:00\",\"dateModified\":\"2025-02-05T13:08:59+00:00\",\"description\":\"Bekijk hier onze algemene voowaarden voor zowel particulier als voor zakelijk.\",\"breadcrumb\":{\"@id\":\"https:\/\/www.shortleaseland.nl\/algemene-voorwaarden\/#breadcrumb\"},\"inLanguage\":\"fr-FR\",\"potentialAction\":[{\"@type\":\"ReadAction\",\"target\":[\"https:\/\/www.shortleaseland.nl\/algemene-voorwaarden\/\"]}]},{\"@type\":\"BreadcrumbList\",\"@id\":\"https:\/\/www.shortleaseland.nl\/algemene-voorwaarden\/#breadcrumb\",\"itemListElement\":[{\"@type\":\"ListItem\",\"position\":1,\"name\":\"Home\",\"item\":\"https:\/\/www.shortleaseland.nl\/\"},{\"@type\":\"ListItem\",\"position\":2,\"name\":\"Algemene voorwaarden\"}]},{\"@type\":\"WebSite\",\"@id\":\"https:\/\/www.shortleaseland.nl\/#website\",\"url\":\"https:\/\/www.shortleaseland.nl\/\",\"name\":\"Shortleaseland\",\"description\":\"Bij Shortleaseland lease je een bedrijfswagen of personenauto tegen een zeer scherp tarief.\",\"potentialAction\":[{\"@type\":\"SearchAction\",\"target\":{\"@type\":\"EntryPoint\",\"urlTemplate\":\"https:\/\/www.shortleaseland.nl\/?s={search_term_string}\"},\"query-input\":{\"@type\":\"PropertyValueSpecification\",\"valueRequired\":true,\"valueName\":\"search_term_string\"}}],\"inLanguage\":\"fr-FR\"}]}<\/script>\n<!-- \/ Yoast SEO plugin. -->","yoast_head_json":{"title":"Conditions g\u00e9n\u00e9rales - Shortleaseland","description":"Consultez ici nos conditions g\u00e9n\u00e9rales d&#039;utilisation pour un usage priv\u00e9 et professionnel.","robots":{"index":"index","follow":"follow","max-snippet":"max-snippet:-1","max-image-preview":"max-image-preview:large","max-video-preview":"max-video-preview:-1"},"canonical":"https:\/\/www.shortleaseland.nl\/fr\/algemene-voorwaarden\/","og_locale":"fr_FR","og_type":"article","og_title":"Algemene voorwaarden - Shortleaseland","og_description":"Bekijk hier onze algemene voowaarden voor zowel particulier als voor zakelijk.","og_url":"https:\/\/www.shortleaseland.nl\/fr\/algemene-voorwaarden\/","og_site_name":"Shortleaseland","article_modified_time":"2025-02-05T13:08:59+00:00","twitter_card":"summary_large_image","schema":{"@context":"https:\/\/schema.org","@graph":[{"@type":"WebPage","@id":"https:\/\/www.shortleaseland.nl\/algemene-voorwaarden\/","url":"https:\/\/www.shortleaseland.nl\/algemene-voorwaarden\/","name":"Conditions g\u00e9n\u00e9rales - Shortleaseland","isPartOf":{"@id":"https:\/\/www.shortleaseland.nl\/#website"},"datePublished":"2023-06-21T14:05:01+00:00","dateModified":"2025-02-05T13:08:59+00:00","description":"Consultez ici nos conditions g\u00e9n\u00e9rales d&#039;utilisation pour un usage priv\u00e9 et professionnel.","breadcrumb":{"@id":"https:\/\/www.shortleaseland.nl\/algemene-voorwaarden\/#breadcrumb"},"inLanguage":"fr-FR","potentialAction":[{"@type":"ReadAction","target":["https:\/\/www.shortleaseland.nl\/algemene-voorwaarden\/"]}]},{"@type":"BreadcrumbList","@id":"https:\/\/www.shortleaseland.nl\/algemene-voorwaarden\/#breadcrumb","itemListElement":[{"@type":"ListItem","position":1,"name":"Home","item":"https:\/\/www.shortleaseland.nl\/"},{"@type":"ListItem","position":2,"name":"Algemene voorwaarden"}]},{"@type":"WebSite","@id":"https:\/\/www.shortleaseland.nl\/#website","url":"https:\/\/www.shortleaseland.nl\/","name":"Shortleaseland","description":"Chez Shortleaseland, vous louez une voiture de soci\u00e9t\u00e9 ou une voiture de tourisme \u00e0 un tarif tr\u00e8s comp\u00e9titif.","potentialAction":[{"@type":"SearchAction","target":{"@type":"EntryPoint","urlTemplate":"https:\/\/www.shortleaseland.nl\/?s={search_term_string}"},"query-input":{"@type":"PropertyValueSpecification","valueRequired":true,"valueName":"search_term_string"}}],"inLanguage":"fr-FR"}]}},"_links":{"self":[{"href":"https:\/\/www.shortleaseland.nl\/fr\/wp-json\/wp\/v2\/pages\/134715","targetHints":{"allow":["GET"]}}],"collection":[{"href":"https:\/\/www.shortleaseland.nl\/fr\/wp-json\/wp\/v2\/pages"}],"about":[{"href":"https:\/\/www.shortleaseland.nl\/fr\/wp-json\/wp\/v2\/types\/page"}],"author":[{"embeddable":true,"href":"https:\/\/www.shortleaseland.nl\/fr\/wp-json\/wp\/v2\/users\/9"}],"replies":[{"embeddable":true,"href":"https:\/\/www.shortleaseland.nl\/fr\/wp-json\/wp\/v2\/comments?post=134715"}],"version-history":[{"count":11,"href":"https:\/\/www.shortleaseland.nl\/fr\/wp-json\/wp\/v2\/pages\/134715\/revisions"}],"predecessor-version":[{"id":147974,"href":"https:\/\/www.shortleaseland.nl\/fr\/wp-json\/wp\/v2\/pages\/134715\/revisions\/147974"}],"wp:attachment":[{"href":"https:\/\/www.shortleaseland.nl\/fr\/wp-json\/wp\/v2\/media?parent=134715"}],"curies":[{"name":"wp","href":"https:\/\/api.w.org\/{rel}","templated":true}]}}