{"id":148734,"date":"2023-07-10T15:53:15","date_gmt":"2023-07-10T13:53:15","guid":{"rendered":"https:\/\/www.shortleaseland.nl\/mailing-auto-kopen-2\/"},"modified":"2025-03-26T11:22:55","modified_gmt":"2025-03-26T09:22:55","slug":"alle-leasevormen-bij-shortleaseland","status":"publish","type":"page","link":"https:\/\/www.shortleaseland.nl\/fr\/alle-leasevormen-bij-shortleaseland\/","title":{"rendered":"Toutes les options de location chez Shortleaseland"},"content":{"rendered":"","protected":false},"excerpt":{"rendered":"","protected":false},"author":1,"featured_media":0,"parent":0,"menu_order":0,"comment_status":"closed","ping_status":"closed","template":"","meta":{"_acf_changed":false,"footnotes":""},"class_list":["post-148734","page","type-page","status-publish","hentry"],"acf":[],"yoast_head":"<!-- This site is optimized with the Yoast SEO plugin v25.9 - https:\/\/yoast.com\/wordpress\/plugins\/seo\/ -->\n<title>Alle leasevormen bij Shortleaseland - Shortleaseland<\/title>\n<meta name=\"description\" content=\"Bij Shortleaseland kun je terecht voor alle leasevormen: shortlease, operational lease, financial lease of zelfs een voertuig overnemen. Ontdek nu!\" \/>\n<meta name=\"robots\" content=\"index, follow, max-snippet:-1, max-image-preview:large, max-video-preview:-1\" \/>\n<link rel=\"canonical\" href=\"https:\/\/www.shortleaseland.nl\/fr\/alle-leasevormen-bij-shortleaseland\/\" \/>\n<meta property=\"og:locale\" content=\"fr_FR\" \/>\n<meta property=\"og:type\" content=\"article\" \/>\n<meta property=\"og:title\" content=\"Alle leasevormen bij Shortleaseland - Shortleaseland\" \/>\n<meta property=\"og:description\" content=\"Bij Shortleaseland kun je terecht voor alle leasevormen: shortlease, operational lease, financial lease of zelfs een voertuig overnemen. Ontdek nu!\" \/>\n<meta property=\"og:url\" content=\"https:\/\/www.shortleaseland.nl\/fr\/alle-leasevormen-bij-shortleaseland\/\" \/>\n<meta property=\"og:site_name\" content=\"Shortleaseland\" \/>\n<meta property=\"article:modified_time\" content=\"2025-03-26T09:22:55+00:00\" \/>\n<meta name=\"twitter:card\" content=\"summary_large_image\" \/>\n<script type=\"application\/ld+json\" class=\"yoast-schema-graph\">{\"@context\":\"https:\/\/schema.org\",\"@graph\":[{\"@type\":\"WebPage\",\"@id\":\"https:\/\/www.shortleaseland.nl\/alle-leasevormen-bij-shortleaseland\/\",\"url\":\"https:\/\/www.shortleaseland.nl\/alle-leasevormen-bij-shortleaseland\/\",\"name\":\"Alle leasevormen bij Shortleaseland - Shortleaseland\",\"isPartOf\":{\"@id\":\"https:\/\/www.shortleaseland.nl\/#website\"},\"datePublished\":\"2023-07-10T13:53:15+00:00\",\"dateModified\":\"2025-03-26T09:22:55+00:00\",\"description\":\"Bij Shortleaseland kun je terecht voor alle leasevormen: shortlease, operational lease, financial lease of zelfs een voertuig overnemen. Ontdek nu!\",\"breadcrumb\":{\"@id\":\"https:\/\/www.shortleaseland.nl\/alle-leasevormen-bij-shortleaseland\/#breadcrumb\"},\"inLanguage\":\"fr-FR\",\"potentialAction\":[{\"@type\":\"ReadAction\",\"target\":[\"https:\/\/www.shortleaseland.nl\/alle-leasevormen-bij-shortleaseland\/\"]}]},{\"@type\":\"BreadcrumbList\",\"@id\":\"https:\/\/www.shortleaseland.nl\/alle-leasevormen-bij-shortleaseland\/#breadcrumb\",\"itemListElement\":[{\"@type\":\"ListItem\",\"position\":1,\"name\":\"Home\",\"item\":\"https:\/\/www.shortleaseland.nl\/\"},{\"@type\":\"ListItem\",\"position\":2,\"name\":\"Alle leasevormen bij Shortleaseland\"}]},{\"@type\":\"WebSite\",\"@id\":\"https:\/\/www.shortleaseland.nl\/#website\",\"url\":\"https:\/\/www.shortleaseland.nl\/\",\"name\":\"Shortleaseland\",\"description\":\"Bij Shortleaseland lease je een bedrijfswagen of personenauto tegen een zeer scherp tarief.\",\"potentialAction\":[{\"@type\":\"SearchAction\",\"target\":{\"@type\":\"EntryPoint\",\"urlTemplate\":\"https:\/\/www.shortleaseland.nl\/?s={search_term_string}\"},\"query-input\":{\"@type\":\"PropertyValueSpecification\",\"valueRequired\":true,\"valueName\":\"search_term_string\"}}],\"inLanguage\":\"fr-FR\"}]}<\/script>\n<!-- \/ Yoast SEO plugin. -->","yoast_head_json":{"title":"Alle leasevormen bij Shortleaseland - Shortleaseland","description":"Bij Shortleaseland kun je terecht voor alle leasevormen: shortlease, operational lease, financial lease of zelfs een voertuig overnemen. Ontdek nu!","robots":{"index":"index","follow":"follow","max-snippet":"max-snippet:-1","max-image-preview":"max-image-preview:large","max-video-preview":"max-video-preview:-1"},"canonical":"https:\/\/www.shortleaseland.nl\/fr\/alle-leasevormen-bij-shortleaseland\/","og_locale":"fr_FR","og_type":"article","og_title":"Alle leasevormen bij Shortleaseland - Shortleaseland","og_description":"Bij Shortleaseland kun je terecht voor alle leasevormen: shortlease, operational lease, financial lease of zelfs een voertuig overnemen. Ontdek nu!","og_url":"https:\/\/www.shortleaseland.nl\/fr\/alle-leasevormen-bij-shortleaseland\/","og_site_name":"Shortleaseland","article_modified_time":"2025-03-26T09:22:55+00:00","twitter_card":"summary_large_image","schema":{"@context":"https:\/\/schema.org","@graph":[{"@type":"WebPage","@id":"https:\/\/www.shortleaseland.nl\/alle-leasevormen-bij-shortleaseland\/","url":"https:\/\/www.shortleaseland.nl\/alle-leasevormen-bij-shortleaseland\/","name":"Alle leasevormen bij Shortleaseland - Shortleaseland","isPartOf":{"@id":"https:\/\/www.shortleaseland.nl\/#website"},"datePublished":"2023-07-10T13:53:15+00:00","dateModified":"2025-03-26T09:22:55+00:00","description":"Bij Shortleaseland kun je terecht voor alle leasevormen: shortlease, operational lease, financial lease of zelfs een voertuig overnemen. Ontdek nu!","breadcrumb":{"@id":"https:\/\/www.shortleaseland.nl\/alle-leasevormen-bij-shortleaseland\/#breadcrumb"},"inLanguage":"fr-FR","potentialAction":[{"@type":"ReadAction","target":["https:\/\/www.shortleaseland.nl\/alle-leasevormen-bij-shortleaseland\/"]}]},{"@type":"BreadcrumbList","@id":"https:\/\/www.shortleaseland.nl\/alle-leasevormen-bij-shortleaseland\/#breadcrumb","itemListElement":[{"@type":"ListItem","position":1,"name":"Home","item":"https:\/\/www.shortleaseland.nl\/"},{"@type":"ListItem","position":2,"name":"Alle leasevormen bij Shortleaseland"}]},{"@type":"WebSite","@id":"https:\/\/www.shortleaseland.nl\/#website","url":"https:\/\/www.shortleaseland.nl\/","name":"Shortleaseland","description":"Chez Shortleaseland, vous louez une voiture de soci\u00e9t\u00e9 ou une voiture de tourisme \u00e0 un tarif tr\u00e8s comp\u00e9titif.","potentialAction":[{"@type":"SearchAction","target":{"@type":"EntryPoint","urlTemplate":"https:\/\/www.shortleaseland.nl\/?s={search_term_string}"},"query-input":{"@type":"PropertyValueSpecification","valueRequired":true,"valueName":"search_term_string"}}],"inLanguage":"fr-FR"}]}},"_links":{"self":[{"href":"https:\/\/www.shortleaseland.nl\/fr\/wp-json\/wp\/v2\/pages\/148734","targetHints":{"allow":["GET"]}}],"collection":[{"href":"https:\/\/www.shortleaseland.nl\/fr\/wp-json\/wp\/v2\/pages"}],"about":[{"href":"https:\/\/www.shortleaseland.nl\/fr\/wp-json\/wp\/v2\/types\/page"}],"author":[{"embeddable":true,"href":"https:\/\/www.shortleaseland.nl\/fr\/wp-json\/wp\/v2\/users\/1"}],"replies":[{"embeddable":true,"href":"https:\/\/www.shortleaseland.nl\/fr\/wp-json\/wp\/v2\/comments?post=148734"}],"version-history":[{"count":7,"href":"https:\/\/www.shortleaseland.nl\/fr\/wp-json\/wp\/v2\/pages\/148734\/revisions"}],"predecessor-version":[{"id":148745,"href":"https:\/\/www.shortleaseland.nl\/fr\/wp-json\/wp\/v2\/pages\/148734\/revisions\/148745"}],"wp:attachment":[{"href":"https:\/\/www.shortleaseland.nl\/fr\/wp-json\/wp\/v2\/media?parent=148734"}],"curies":[{"name":"wp","href":"https:\/\/api.w.org\/{rel}","templated":true}]}}