{"id":161692,"date":"2022-02-01T14:45:13","date_gmt":"2022-02-01T12:45:13","guid":{"rendered":"https:\/\/www.shortleaseland.nl\/over-ons-2\/"},"modified":"2026-03-02T10:09:02","modified_gmt":"2026-03-02T08:09:02","slug":"over-ons-2","status":"publish","type":"page","link":"https:\/\/www.shortleaseland.nl\/fr\/over-ons-2\/","title":{"rendered":"\u00c0 propos de nous"},"content":{"rendered":"","protected":false},"excerpt":{"rendered":"","protected":false},"author":2,"featured_media":0,"parent":0,"menu_order":0,"comment_status":"closed","ping_status":"closed","template":"","meta":{"_acf_changed":false,"footnotes":""},"class_list":["post-161692","page","type-page","status-publish","hentry"],"acf":[],"yoast_head":"<!-- This site is optimized with the Yoast SEO plugin v25.9 - https:\/\/yoast.com\/wordpress\/plugins\/seo\/ -->\n<title>Over ons - Shortleaseland<\/title>\n<meta name=\"description\" content=\"Bij Shortleaseland vind je een ruim aanbod aan merken en modellen, zodat er voor ieder wat wils is. Vind snel jouw shortlease auto.\" \/>\n<meta name=\"robots\" content=\"index, follow, max-snippet:-1, max-image-preview:large, max-video-preview:-1\" \/>\n<link rel=\"canonical\" href=\"https:\/\/www.shortleaseland.nl\/fr\/over-ons-2\/\" \/>\n<meta property=\"og:locale\" content=\"fr_FR\" \/>\n<meta property=\"og:type\" content=\"article\" \/>\n<meta property=\"og:title\" content=\"Over ons - Shortleaseland\" \/>\n<meta property=\"og:description\" content=\"Bij Shortleaseland vind je een ruim aanbod aan merken en modellen, zodat er voor ieder wat wils is. Vind snel jouw shortlease auto.\" \/>\n<meta property=\"og:url\" content=\"https:\/\/www.shortleaseland.nl\/fr\/over-ons-2\/\" \/>\n<meta property=\"og:site_name\" content=\"Shortleaseland\" \/>\n<meta property=\"article:modified_time\" content=\"2026-03-02T08:09:02+00:00\" \/>\n<meta name=\"twitter:card\" content=\"summary_large_image\" \/>\n<script type=\"application\/ld+json\" class=\"yoast-schema-graph\">{\"@context\":\"https:\/\/schema.org\",\"@graph\":[{\"@type\":\"WebPage\",\"@id\":\"https:\/\/www.shortleaseland.nl\/over-ons-2\/\",\"url\":\"https:\/\/www.shortleaseland.nl\/over-ons-2\/\",\"name\":\"Over ons - Shortleaseland\",\"isPartOf\":{\"@id\":\"https:\/\/www.shortleaseland.nl\/#website\"},\"datePublished\":\"2022-02-01T12:45:13+00:00\",\"dateModified\":\"2026-03-02T08:09:02+00:00\",\"description\":\"Bij Shortleaseland vind je een ruim aanbod aan merken en modellen, zodat er voor ieder wat wils is. Vind snel jouw shortlease auto.\",\"breadcrumb\":{\"@id\":\"https:\/\/www.shortleaseland.nl\/over-ons-2\/#breadcrumb\"},\"inLanguage\":\"fr-FR\",\"potentialAction\":[{\"@type\":\"ReadAction\",\"target\":[\"https:\/\/www.shortleaseland.nl\/over-ons-2\/\"]}]},{\"@type\":\"BreadcrumbList\",\"@id\":\"https:\/\/www.shortleaseland.nl\/over-ons-2\/#breadcrumb\",\"itemListElement\":[{\"@type\":\"ListItem\",\"position\":1,\"name\":\"Home\",\"item\":\"https:\/\/www.shortleaseland.nl\/\"},{\"@type\":\"ListItem\",\"position\":2,\"name\":\"Over ons\"}]},{\"@type\":\"WebSite\",\"@id\":\"https:\/\/www.shortleaseland.nl\/#website\",\"url\":\"https:\/\/www.shortleaseland.nl\/\",\"name\":\"Shortleaseland\",\"description\":\"Bij Shortleaseland lease je een bedrijfswagen of personenauto tegen een zeer scherp tarief.\",\"potentialAction\":[{\"@type\":\"SearchAction\",\"target\":{\"@type\":\"EntryPoint\",\"urlTemplate\":\"https:\/\/www.shortleaseland.nl\/?s={search_term_string}\"},\"query-input\":{\"@type\":\"PropertyValueSpecification\",\"valueRequired\":true,\"valueName\":\"search_term_string\"}}],\"inLanguage\":\"fr-FR\"}]}<\/script>\n<!-- \/ Yoast SEO plugin. -->","yoast_head_json":{"title":"\u00c0 propos de nous - Shortleaseland","description":"Chez Shortleaseland, vous trouverez un large choix de marques et de mod\u00e8les, pour tous les go\u00fbts. Trouvez rapidement votre voiture en leasing court.","robots":{"index":"index","follow":"follow","max-snippet":"max-snippet:-1","max-image-preview":"max-image-preview:large","max-video-preview":"max-video-preview:-1"},"canonical":"https:\/\/www.shortleaseland.nl\/fr\/over-ons-2\/","og_locale":"fr_FR","og_type":"article","og_title":"Over ons - Shortleaseland","og_description":"Bij Shortleaseland vind je een ruim aanbod aan merken en modellen, zodat er voor ieder wat wils is. Vind snel jouw shortlease auto.","og_url":"https:\/\/www.shortleaseland.nl\/fr\/over-ons-2\/","og_site_name":"Shortleaseland","article_modified_time":"2026-03-02T08:09:02+00:00","twitter_card":"summary_large_image","schema":{"@context":"https:\/\/schema.org","@graph":[{"@type":"WebPage","@id":"https:\/\/www.shortleaseland.nl\/over-ons-2\/","url":"https:\/\/www.shortleaseland.nl\/over-ons-2\/","name":"\u00c0 propos de nous - Shortleaseland","isPartOf":{"@id":"https:\/\/www.shortleaseland.nl\/#website"},"datePublished":"2022-02-01T12:45:13+00:00","dateModified":"2026-03-02T08:09:02+00:00","description":"Chez Shortleaseland, vous trouverez un large choix de marques et de mod\u00e8les, pour tous les go\u00fbts. Trouvez rapidement votre voiture en leasing court.","breadcrumb":{"@id":"https:\/\/www.shortleaseland.nl\/over-ons-2\/#breadcrumb"},"inLanguage":"fr-FR","potentialAction":[{"@type":"ReadAction","target":["https:\/\/www.shortleaseland.nl\/over-ons-2\/"]}]},{"@type":"BreadcrumbList","@id":"https:\/\/www.shortleaseland.nl\/over-ons-2\/#breadcrumb","itemListElement":[{"@type":"ListItem","position":1,"name":"Home","item":"https:\/\/www.shortleaseland.nl\/"},{"@type":"ListItem","position":2,"name":"Over ons"}]},{"@type":"WebSite","@id":"https:\/\/www.shortleaseland.nl\/#website","url":"https:\/\/www.shortleaseland.nl\/","name":"Shortleaseland","description":"Chez Shortleaseland, vous louez une voiture de soci\u00e9t\u00e9 ou une voiture de tourisme \u00e0 un tarif tr\u00e8s comp\u00e9titif.","potentialAction":[{"@type":"SearchAction","target":{"@type":"EntryPoint","urlTemplate":"https:\/\/www.shortleaseland.nl\/?s={search_term_string}"},"query-input":{"@type":"PropertyValueSpecification","valueRequired":true,"valueName":"search_term_string"}}],"inLanguage":"fr-FR"}]}},"_links":{"self":[{"href":"https:\/\/www.shortleaseland.nl\/fr\/wp-json\/wp\/v2\/pages\/161692","targetHints":{"allow":["GET"]}}],"collection":[{"href":"https:\/\/www.shortleaseland.nl\/fr\/wp-json\/wp\/v2\/pages"}],"about":[{"href":"https:\/\/www.shortleaseland.nl\/fr\/wp-json\/wp\/v2\/types\/page"}],"author":[{"embeddable":true,"href":"https:\/\/www.shortleaseland.nl\/fr\/wp-json\/wp\/v2\/users\/2"}],"replies":[{"embeddable":true,"href":"https:\/\/www.shortleaseland.nl\/fr\/wp-json\/wp\/v2\/comments?post=161692"}],"version-history":[{"count":2,"href":"https:\/\/www.shortleaseland.nl\/fr\/wp-json\/wp\/v2\/pages\/161692\/revisions"}],"predecessor-version":[{"id":161694,"href":"https:\/\/www.shortleaseland.nl\/fr\/wp-json\/wp\/v2\/pages\/161692\/revisions\/161694"}],"wp:attachment":[{"href":"https:\/\/www.shortleaseland.nl\/fr\/wp-json\/wp\/v2\/media?parent=161692"}],"curies":[{"name":"wp","href":"https:\/\/api.w.org\/{rel}","templated":true}]}}