{"id":3,"date":"2022-01-04T10:07:32","date_gmt":"2022-01-04T10:07:32","guid":{"rendered":"https:\/\/eurocarsbedrijfswagens.nl.indicia-interactiv.nl\/?page_id=3"},"modified":"2026-04-15T10:20:38","modified_gmt":"2026-04-15T08:20:38","slug":"home-2","status":"publish","type":"page","link":"https:\/\/www.shortleaseland.nl\/fr\/","title":{"rendered":"Maison"},"content":{"rendered":"<p>Test<\/p>","protected":false},"excerpt":{"rendered":"<p>Test<\/p>","protected":false},"author":2,"featured_media":0,"parent":0,"menu_order":0,"comment_status":"closed","ping_status":"closed","template":"","meta":{"_acf_changed":false,"footnotes":""},"class_list":["post-3","page","type-page","status-publish","hentry"],"acf":[],"yoast_head":"<!-- This site is optimized with the Yoast SEO plugin v27.5 - https:\/\/yoast.com\/product\/yoast-seo-wordpress\/ -->\n<title>Ontdek onze flexibele shortlease-opties op Shortleaseland.nl<\/title>\n<meta name=\"description\" content=\"Shortlease jouw voertuig bij Shortleaseland \u2713 Grootste aanbod van NL \u2713 Binnen 24 uur rijden \u2713 Laagste prijsgarantie \u2713 Levering in heel NL\" \/>\n<meta name=\"robots\" content=\"index, follow, max-snippet:-1, max-image-preview:large, max-video-preview:-1\" \/>\n<link rel=\"canonical\" href=\"https:\/\/www.shortleaseland.nl\/fr\/\" \/>\n<meta property=\"og:locale\" content=\"fr_FR\" \/>\n<meta property=\"og:type\" content=\"article\" \/>\n<meta property=\"og:title\" content=\"Ontdek onze flexibele shortlease-opties op Shortleaseland.nl\" \/>\n<meta property=\"og:description\" content=\"Shortlease jouw voertuig bij Shortleaseland \u2713 Grootste aanbod van NL \u2713 Binnen 24 uur rijden \u2713 Laagste prijsgarantie \u2713 Levering in heel NL\" \/>\n<meta property=\"og:url\" content=\"https:\/\/www.shortleaseland.nl\/fr\/\" \/>\n<meta property=\"og:site_name\" content=\"Shortleaseland\" \/>\n<meta property=\"article:modified_time\" content=\"2026-04-15T08:20:38+00:00\" \/>\n<meta name=\"twitter:card\" content=\"summary_large_image\" \/>\n<script type=\"application\/ld+json\" class=\"yoast-schema-graph\">{\"@context\":\"https:\\\/\\\/schema.org\",\"@graph\":[{\"@type\":\"WebPage\",\"@id\":\"https:\\\/\\\/www.shortleaseland.nl\\\/\",\"url\":\"https:\\\/\\\/www.shortleaseland.nl\\\/\",\"name\":\"Ontdek onze flexibele shortlease-opties op Shortleaseland.nl\",\"isPartOf\":{\"@id\":\"https:\\\/\\\/www.shortleaseland.nl\\\/#website\"},\"datePublished\":\"2022-01-04T10:07:32+00:00\",\"dateModified\":\"2026-04-15T08:20:38+00:00\",\"description\":\"Shortlease jouw voertuig bij Shortleaseland \u2713 Grootste aanbod van NL \u2713 Binnen 24 uur rijden \u2713 Laagste prijsgarantie \u2713 Levering in heel NL\",\"breadcrumb\":{\"@id\":\"https:\\\/\\\/www.shortleaseland.nl\\\/#breadcrumb\"},\"inLanguage\":\"fr-FR\",\"potentialAction\":[{\"@type\":\"ReadAction\",\"target\":[\"https:\\\/\\\/www.shortleaseland.nl\\\/\"]}]},{\"@type\":\"BreadcrumbList\",\"@id\":\"https:\\\/\\\/www.shortleaseland.nl\\\/#breadcrumb\",\"itemListElement\":[{\"@type\":\"ListItem\",\"position\":1,\"name\":\"Home\",\"item\":\"https:\\\/\\\/www.shortleaseland.nl\\\/\"},{\"@type\":\"ListItem\",\"position\":2,\"name\":\"Home\"}]},{\"@type\":\"WebSite\",\"@id\":\"https:\\\/\\\/www.shortleaseland.nl\\\/#website\",\"url\":\"https:\\\/\\\/www.shortleaseland.nl\\\/\",\"name\":\"Shortleaseland\",\"description\":\"Bij Shortleaseland lease je een bedrijfswagen of personenauto tegen een zeer scherp tarief.\",\"potentialAction\":[{\"@type\":\"SearchAction\",\"target\":{\"@type\":\"EntryPoint\",\"urlTemplate\":\"https:\\\/\\\/www.shortleaseland.nl\\\/?s={search_term_string}\"},\"query-input\":{\"@type\":\"PropertyValueSpecification\",\"valueRequired\":true,\"valueName\":\"search_term_string\"}}],\"inLanguage\":\"fr-FR\"}]}<\/script>\n<!-- \/ Yoast SEO plugin. -->","yoast_head_json":{"title":"D\u00e9couvrez nos options flexibles de location \u00e0 court terme sur Shortleaseland.nl","description":"Louez votre v\u00e9hicule chez Shortleaseland \u2713 Le plus grand choix aux Pays-Bas \u2713 Conduisez dans les 24 heures \u2713 Garantie du prix le plus bas \u2713 Livraison dans tous les Pays-Bas","robots":{"index":"index","follow":"follow","max-snippet":"max-snippet:-1","max-image-preview":"max-image-preview:large","max-video-preview":"max-video-preview:-1"},"canonical":"https:\/\/www.shortleaseland.nl\/fr\/","og_locale":"fr_FR","og_type":"article","og_title":"Ontdek onze flexibele shortlease-opties op Shortleaseland.nl","og_description":"Shortlease jouw voertuig bij Shortleaseland \u2713 Grootste aanbod van NL \u2713 Binnen 24 uur rijden \u2713 Laagste prijsgarantie \u2713 Levering in heel NL","og_url":"https:\/\/www.shortleaseland.nl\/fr\/","og_site_name":"Shortleaseland","article_modified_time":"2026-04-15T08:20:38+00:00","twitter_card":"summary_large_image","schema":{"@context":"https:\/\/schema.org","@graph":[{"@type":"WebPage","@id":"https:\/\/www.shortleaseland.nl\/","url":"https:\/\/www.shortleaseland.nl\/","name":"D\u00e9couvrez nos options flexibles de location \u00e0 court terme sur Shortleaseland.nl","isPartOf":{"@id":"https:\/\/www.shortleaseland.nl\/#website"},"datePublished":"2022-01-04T10:07:32+00:00","dateModified":"2026-04-15T08:20:38+00:00","description":"Louez votre v\u00e9hicule chez Shortleaseland \u2713 Le plus grand choix aux Pays-Bas \u2713 Conduisez dans les 24 heures \u2713 Garantie du prix le plus bas \u2713 Livraison dans tous les Pays-Bas","breadcrumb":{"@id":"https:\/\/www.shortleaseland.nl\/#breadcrumb"},"inLanguage":"fr-FR","potentialAction":[{"@type":"ReadAction","target":["https:\/\/www.shortleaseland.nl\/"]}]},{"@type":"BreadcrumbList","@id":"https:\/\/www.shortleaseland.nl\/#breadcrumb","itemListElement":[{"@type":"ListItem","position":1,"name":"Home","item":"https:\/\/www.shortleaseland.nl\/"},{"@type":"ListItem","position":2,"name":"Home"}]},{"@type":"WebSite","@id":"https:\/\/www.shortleaseland.nl\/#website","url":"https:\/\/www.shortleaseland.nl\/","name":"Shortleaseland","description":"Chez Shortleaseland, vous louez une voiture de soci\u00e9t\u00e9 ou une voiture de tourisme \u00e0 un tarif tr\u00e8s comp\u00e9titif.","potentialAction":[{"@type":"SearchAction","target":{"@type":"EntryPoint","urlTemplate":"https:\/\/www.shortleaseland.nl\/?s={search_term_string}"},"query-input":{"@type":"PropertyValueSpecification","valueRequired":true,"valueName":"search_term_string"}}],"inLanguage":"fr-FR"}]}},"_links":{"self":[{"href":"https:\/\/www.shortleaseland.nl\/fr\/wp-json\/wp\/v2\/pages\/3","targetHints":{"allow":["GET"]}}],"collection":[{"href":"https:\/\/www.shortleaseland.nl\/fr\/wp-json\/wp\/v2\/pages"}],"about":[{"href":"https:\/\/www.shortleaseland.nl\/fr\/wp-json\/wp\/v2\/types\/page"}],"author":[{"embeddable":true,"href":"https:\/\/www.shortleaseland.nl\/fr\/wp-json\/wp\/v2\/users\/2"}],"replies":[{"embeddable":true,"href":"https:\/\/www.shortleaseland.nl\/fr\/wp-json\/wp\/v2\/comments?post=3"}],"version-history":[{"count":400,"href":"https:\/\/www.shortleaseland.nl\/fr\/wp-json\/wp\/v2\/pages\/3\/revisions"}],"predecessor-version":[{"id":161923,"href":"https:\/\/www.shortleaseland.nl\/fr\/wp-json\/wp\/v2\/pages\/3\/revisions\/161923"}],"wp:attachment":[{"href":"https:\/\/www.shortleaseland.nl\/fr\/wp-json\/wp\/v2\/media?parent=3"}],"curies":[{"name":"wp","href":"https:\/\/api.w.org\/{rel}","templated":true}]}}