{"id":74040,"date":"2022-09-29T11:37:25","date_gmt":"2022-09-29T11:37:25","guid":{"rendered":"https:\/\/www.shortleaseland.nl\/?page_id=74040"},"modified":"2025-05-08T12:29:32","modified_gmt":"2025-05-08T10:29:32","slug":"wat-is-inbegrepen","status":"publish","type":"page","link":"https:\/\/www.shortleaseland.nl\/fr\/wat-is-inbegrepen\/","title":{"rendered":"Qu'est-ce qui est inclus?"},"content":{"rendered":"","protected":false},"excerpt":{"rendered":"","protected":false},"author":9,"featured_media":0,"parent":0,"menu_order":0,"comment_status":"closed","ping_status":"closed","template":"","meta":{"_acf_changed":false,"footnotes":""},"class_list":["post-74040","page","type-page","status-publish","hentry"],"acf":[],"yoast_head":"<!-- This site is optimized with the Yoast SEO plugin v25.9 - https:\/\/yoast.com\/wordpress\/plugins\/seo\/ -->\n<title>Wat is inbegrepen bij Shortlease? - Shortleaseland<\/title>\n<meta name=\"description\" content=\"Bij Shortlease betaal je een vast maandbedrag \u2713 inclusief verzekering, volledige reparatie &amp; onderhoud, 24\/7 pechhulp en nog veel meer \u2713 Lees snel verder!\" \/>\n<meta name=\"robots\" content=\"index, follow, max-snippet:-1, max-image-preview:large, max-video-preview:-1\" \/>\n<link rel=\"canonical\" href=\"https:\/\/www.shortleaseland.nl\/fr\/wat-is-inbegrepen\/\" \/>\n<meta property=\"og:locale\" content=\"fr_FR\" \/>\n<meta property=\"og:type\" content=\"article\" \/>\n<meta property=\"og:title\" content=\"Wat is inbegrepen bij Shortlease? - Shortleaseland\" \/>\n<meta property=\"og:description\" content=\"Bij Shortlease betaal je een vast maandbedrag \u2713 inclusief verzekering, volledige reparatie &amp; onderhoud, 24\/7 pechhulp en nog veel meer \u2713 Lees snel verder!\" \/>\n<meta property=\"og:url\" content=\"https:\/\/www.shortleaseland.nl\/fr\/wat-is-inbegrepen\/\" \/>\n<meta property=\"og:site_name\" content=\"Shortleaseland\" \/>\n<meta property=\"article:modified_time\" content=\"2025-05-08T10:29:32+00:00\" \/>\n<meta name=\"twitter:card\" content=\"summary_large_image\" \/>\n<script type=\"application\/ld+json\" class=\"yoast-schema-graph\">{\"@context\":\"https:\/\/schema.org\",\"@graph\":[{\"@type\":\"WebPage\",\"@id\":\"https:\/\/www.shortleaseland.nl\/wat-is-inbegrepen\/\",\"url\":\"https:\/\/www.shortleaseland.nl\/wat-is-inbegrepen\/\",\"name\":\"Wat is inbegrepen bij Shortlease? - Shortleaseland\",\"isPartOf\":{\"@id\":\"https:\/\/www.shortleaseland.nl\/#website\"},\"datePublished\":\"2022-09-29T11:37:25+00:00\",\"dateModified\":\"2025-05-08T10:29:32+00:00\",\"description\":\"Bij Shortlease betaal je een vast maandbedrag \u2713 inclusief verzekering, volledige reparatie & onderhoud, 24\/7 pechhulp en nog veel meer \u2713 Lees snel verder!\",\"breadcrumb\":{\"@id\":\"https:\/\/www.shortleaseland.nl\/wat-is-inbegrepen\/#breadcrumb\"},\"inLanguage\":\"fr-FR\",\"potentialAction\":[{\"@type\":\"ReadAction\",\"target\":[\"https:\/\/www.shortleaseland.nl\/wat-is-inbegrepen\/\"]}]},{\"@type\":\"BreadcrumbList\",\"@id\":\"https:\/\/www.shortleaseland.nl\/wat-is-inbegrepen\/#breadcrumb\",\"itemListElement\":[{\"@type\":\"ListItem\",\"position\":1,\"name\":\"Home\",\"item\":\"https:\/\/www.shortleaseland.nl\/\"},{\"@type\":\"ListItem\",\"position\":2,\"name\":\"Wat is inbegrepen?\"}]},{\"@type\":\"WebSite\",\"@id\":\"https:\/\/www.shortleaseland.nl\/#website\",\"url\":\"https:\/\/www.shortleaseland.nl\/\",\"name\":\"Shortleaseland\",\"description\":\"Bij Shortleaseland lease je een bedrijfswagen of personenauto tegen een zeer scherp tarief.\",\"potentialAction\":[{\"@type\":\"SearchAction\",\"target\":{\"@type\":\"EntryPoint\",\"urlTemplate\":\"https:\/\/www.shortleaseland.nl\/?s={search_term_string}\"},\"query-input\":{\"@type\":\"PropertyValueSpecification\",\"valueRequired\":true,\"valueName\":\"search_term_string\"}}],\"inLanguage\":\"fr-FR\"}]}<\/script>\n<!-- \/ Yoast SEO plugin. -->","yoast_head_json":{"title":"Qu&#039;est-ce qui est inclus dans Shortlease\u00a0? - Shortleaseland","description":"Avec Shortlease, vous payez un montant mensuel fixe \u2713 comprenant l&#039;assurance, les r\u00e9parations et l&#039;entretien complets, l&#039;assistance routi\u00e8re 24h\/24 et 7j\/7 et bien plus encore \u2713 Lisez vite !","robots":{"index":"index","follow":"follow","max-snippet":"max-snippet:-1","max-image-preview":"max-image-preview:large","max-video-preview":"max-video-preview:-1"},"canonical":"https:\/\/www.shortleaseland.nl\/fr\/wat-is-inbegrepen\/","og_locale":"fr_FR","og_type":"article","og_title":"Wat is inbegrepen bij Shortlease? - Shortleaseland","og_description":"Bij Shortlease betaal je een vast maandbedrag \u2713 inclusief verzekering, volledige reparatie & onderhoud, 24\/7 pechhulp en nog veel meer \u2713 Lees snel verder!","og_url":"https:\/\/www.shortleaseland.nl\/fr\/wat-is-inbegrepen\/","og_site_name":"Shortleaseland","article_modified_time":"2025-05-08T10:29:32+00:00","twitter_card":"summary_large_image","schema":{"@context":"https:\/\/schema.org","@graph":[{"@type":"WebPage","@id":"https:\/\/www.shortleaseland.nl\/wat-is-inbegrepen\/","url":"https:\/\/www.shortleaseland.nl\/wat-is-inbegrepen\/","name":"Qu&#039;est-ce qui est inclus dans Shortlease\u00a0? - Shortleaseland","isPartOf":{"@id":"https:\/\/www.shortleaseland.nl\/#website"},"datePublished":"2022-09-29T11:37:25+00:00","dateModified":"2025-05-08T10:29:32+00:00","description":"Avec Shortlease, vous payez un montant mensuel fixe \u2713 comprenant l&#039;assurance, les r\u00e9parations et l&#039;entretien complets, l&#039;assistance routi\u00e8re 24h\/24 et 7j\/7 et bien plus encore \u2713 Lisez vite !","breadcrumb":{"@id":"https:\/\/www.shortleaseland.nl\/wat-is-inbegrepen\/#breadcrumb"},"inLanguage":"fr-FR","potentialAction":[{"@type":"ReadAction","target":["https:\/\/www.shortleaseland.nl\/wat-is-inbegrepen\/"]}]},{"@type":"BreadcrumbList","@id":"https:\/\/www.shortleaseland.nl\/wat-is-inbegrepen\/#breadcrumb","itemListElement":[{"@type":"ListItem","position":1,"name":"Home","item":"https:\/\/www.shortleaseland.nl\/"},{"@type":"ListItem","position":2,"name":"Wat is inbegrepen?"}]},{"@type":"WebSite","@id":"https:\/\/www.shortleaseland.nl\/#website","url":"https:\/\/www.shortleaseland.nl\/","name":"Shortleaseland","description":"Chez Shortleaseland, vous louez une voiture de soci\u00e9t\u00e9 ou une voiture de tourisme \u00e0 un tarif tr\u00e8s comp\u00e9titif.","potentialAction":[{"@type":"SearchAction","target":{"@type":"EntryPoint","urlTemplate":"https:\/\/www.shortleaseland.nl\/?s={search_term_string}"},"query-input":{"@type":"PropertyValueSpecification","valueRequired":true,"valueName":"search_term_string"}}],"inLanguage":"fr-FR"}]}},"_links":{"self":[{"href":"https:\/\/www.shortleaseland.nl\/fr\/wp-json\/wp\/v2\/pages\/74040","targetHints":{"allow":["GET"]}}],"collection":[{"href":"https:\/\/www.shortleaseland.nl\/fr\/wp-json\/wp\/v2\/pages"}],"about":[{"href":"https:\/\/www.shortleaseland.nl\/fr\/wp-json\/wp\/v2\/types\/page"}],"author":[{"embeddable":true,"href":"https:\/\/www.shortleaseland.nl\/fr\/wp-json\/wp\/v2\/users\/9"}],"replies":[{"embeddable":true,"href":"https:\/\/www.shortleaseland.nl\/fr\/wp-json\/wp\/v2\/comments?post=74040"}],"version-history":[{"count":31,"href":"https:\/\/www.shortleaseland.nl\/fr\/wp-json\/wp\/v2\/pages\/74040\/revisions"}],"predecessor-version":[{"id":148905,"href":"https:\/\/www.shortleaseland.nl\/fr\/wp-json\/wp\/v2\/pages\/74040\/revisions\/148905"}],"wp:attachment":[{"href":"https:\/\/www.shortleaseland.nl\/fr\/wp-json\/wp\/v2\/media?parent=74040"}],"curies":[{"name":"wp","href":"https:\/\/api.w.org\/{rel}","templated":true}]}}