{"id":84863,"date":"2023-02-06T10:39:46","date_gmt":"2023-02-06T10:39:46","guid":{"rendered":"https:\/\/www.shortleaseland.nl\/?page_id=84863"},"modified":"2025-05-08T12:21:53","modified_gmt":"2025-05-08T10:21:53","slug":"shortlease-voor-wagenparkbeheerders","status":"publish","type":"page","link":"https:\/\/www.shortleaseland.nl\/fr\/shortlease-voor-wagenparkbeheerders\/","title":{"rendered":"Shortlease pour les gestionnaires de flotte"},"content":{"rendered":"","protected":false},"excerpt":{"rendered":"","protected":false},"author":28,"featured_media":0,"parent":0,"menu_order":0,"comment_status":"closed","ping_status":"closed","template":"","meta":{"_acf_changed":false,"footnotes":""},"class_list":["post-84863","page","type-page","status-publish","hentry"],"acf":[],"yoast_head":"<!-- This site is optimized with the Yoast SEO plugin v25.9 - https:\/\/yoast.com\/wordpress\/plugins\/seo\/ -->\n<title>Shortlease voor wagenparkbeheerders - Shortleaseland<\/title>\n<meta name=\"description\" content=\"Met een shortlease overeenkomst kun je flexibel je wagenpark samenstellen \u2713 Maandelijks opzegbaar \u2713 Binnen 24 uur op weg \u27a4 Bekijk hier alle voordelen!\" \/>\n<meta name=\"robots\" content=\"index, follow, max-snippet:-1, max-image-preview:large, max-video-preview:-1\" \/>\n<link rel=\"canonical\" href=\"https:\/\/www.shortleaseland.nl\/fr\/shortlease-voor-wagenparkbeheerders\/\" \/>\n<meta property=\"og:locale\" content=\"fr_FR\" \/>\n<meta property=\"og:type\" content=\"article\" \/>\n<meta property=\"og:title\" content=\"Shortlease voor wagenparkbeheerders - Shortleaseland\" \/>\n<meta property=\"og:description\" content=\"Met een shortlease overeenkomst kun je flexibel je wagenpark samenstellen \u2713 Maandelijks opzegbaar \u2713 Binnen 24 uur op weg \u27a4 Bekijk hier alle voordelen!\" \/>\n<meta property=\"og:url\" content=\"https:\/\/www.shortleaseland.nl\/fr\/shortlease-voor-wagenparkbeheerders\/\" \/>\n<meta property=\"og:site_name\" content=\"Shortleaseland\" \/>\n<meta property=\"article:modified_time\" content=\"2025-05-08T10:21:53+00:00\" \/>\n<meta name=\"twitter:card\" content=\"summary_large_image\" \/>\n<script type=\"application\/ld+json\" class=\"yoast-schema-graph\">{\"@context\":\"https:\/\/schema.org\",\"@graph\":[{\"@type\":\"WebPage\",\"@id\":\"https:\/\/www.shortleaseland.nl\/shortlease-voor-wagenparkbeheerders\/\",\"url\":\"https:\/\/www.shortleaseland.nl\/shortlease-voor-wagenparkbeheerders\/\",\"name\":\"Shortlease voor wagenparkbeheerders - Shortleaseland\",\"isPartOf\":{\"@id\":\"https:\/\/www.shortleaseland.nl\/#website\"},\"datePublished\":\"2023-02-06T10:39:46+00:00\",\"dateModified\":\"2025-05-08T10:21:53+00:00\",\"description\":\"Met een shortlease overeenkomst kun je flexibel je wagenpark samenstellen \u2713 Maandelijks opzegbaar \u2713 Binnen 24 uur op weg \u27a4 Bekijk hier alle voordelen!\",\"breadcrumb\":{\"@id\":\"https:\/\/www.shortleaseland.nl\/shortlease-voor-wagenparkbeheerders\/#breadcrumb\"},\"inLanguage\":\"fr-FR\",\"potentialAction\":[{\"@type\":\"ReadAction\",\"target\":[\"https:\/\/www.shortleaseland.nl\/shortlease-voor-wagenparkbeheerders\/\"]}]},{\"@type\":\"BreadcrumbList\",\"@id\":\"https:\/\/www.shortleaseland.nl\/shortlease-voor-wagenparkbeheerders\/#breadcrumb\",\"itemListElement\":[{\"@type\":\"ListItem\",\"position\":1,\"name\":\"Home\",\"item\":\"https:\/\/www.shortleaseland.nl\/\"},{\"@type\":\"ListItem\",\"position\":2,\"name\":\"Shortlease voor wagenparkbeheerders\"}]},{\"@type\":\"WebSite\",\"@id\":\"https:\/\/www.shortleaseland.nl\/#website\",\"url\":\"https:\/\/www.shortleaseland.nl\/\",\"name\":\"Shortleaseland\",\"description\":\"Bij Shortleaseland lease je een bedrijfswagen of personenauto tegen een zeer scherp tarief.\",\"potentialAction\":[{\"@type\":\"SearchAction\",\"target\":{\"@type\":\"EntryPoint\",\"urlTemplate\":\"https:\/\/www.shortleaseland.nl\/?s={search_term_string}\"},\"query-input\":{\"@type\":\"PropertyValueSpecification\",\"valueRequired\":true,\"valueName\":\"search_term_string\"}}],\"inLanguage\":\"fr-FR\"}]}<\/script>\n<!-- \/ Yoast SEO plugin. -->","yoast_head_json":{"title":"Location \u00e0 court terme pour gestionnaires de flotte - Shortleaseland","description":"Avec un contrat de location \u00e0 court terme, vous pouvez constituer votre flotte de mani\u00e8re flexible \u2713 Annuler mensuellement \u2713 Sur la route dans les 24 heures \u27a4 D\u00e9couvrez tous les avantages ici !","robots":{"index":"index","follow":"follow","max-snippet":"max-snippet:-1","max-image-preview":"max-image-preview:large","max-video-preview":"max-video-preview:-1"},"canonical":"https:\/\/www.shortleaseland.nl\/fr\/shortlease-voor-wagenparkbeheerders\/","og_locale":"fr_FR","og_type":"article","og_title":"Shortlease voor wagenparkbeheerders - Shortleaseland","og_description":"Met een shortlease overeenkomst kun je flexibel je wagenpark samenstellen \u2713 Maandelijks opzegbaar \u2713 Binnen 24 uur op weg \u27a4 Bekijk hier alle voordelen!","og_url":"https:\/\/www.shortleaseland.nl\/fr\/shortlease-voor-wagenparkbeheerders\/","og_site_name":"Shortleaseland","article_modified_time":"2025-05-08T10:21:53+00:00","twitter_card":"summary_large_image","schema":{"@context":"https:\/\/schema.org","@graph":[{"@type":"WebPage","@id":"https:\/\/www.shortleaseland.nl\/shortlease-voor-wagenparkbeheerders\/","url":"https:\/\/www.shortleaseland.nl\/shortlease-voor-wagenparkbeheerders\/","name":"Location \u00e0 court terme pour gestionnaires de flotte - Shortleaseland","isPartOf":{"@id":"https:\/\/www.shortleaseland.nl\/#website"},"datePublished":"2023-02-06T10:39:46+00:00","dateModified":"2025-05-08T10:21:53+00:00","description":"Avec un contrat de location \u00e0 court terme, vous pouvez constituer votre flotte de mani\u00e8re flexible \u2713 Annuler mensuellement \u2713 Sur la route dans les 24 heures \u27a4 D\u00e9couvrez tous les avantages ici !","breadcrumb":{"@id":"https:\/\/www.shortleaseland.nl\/shortlease-voor-wagenparkbeheerders\/#breadcrumb"},"inLanguage":"fr-FR","potentialAction":[{"@type":"ReadAction","target":["https:\/\/www.shortleaseland.nl\/shortlease-voor-wagenparkbeheerders\/"]}]},{"@type":"BreadcrumbList","@id":"https:\/\/www.shortleaseland.nl\/shortlease-voor-wagenparkbeheerders\/#breadcrumb","itemListElement":[{"@type":"ListItem","position":1,"name":"Home","item":"https:\/\/www.shortleaseland.nl\/"},{"@type":"ListItem","position":2,"name":"Shortlease voor wagenparkbeheerders"}]},{"@type":"WebSite","@id":"https:\/\/www.shortleaseland.nl\/#website","url":"https:\/\/www.shortleaseland.nl\/","name":"Shortleaseland","description":"Chez Shortleaseland, vous louez une voiture de soci\u00e9t\u00e9 ou une voiture de tourisme \u00e0 un tarif tr\u00e8s comp\u00e9titif.","potentialAction":[{"@type":"SearchAction","target":{"@type":"EntryPoint","urlTemplate":"https:\/\/www.shortleaseland.nl\/?s={search_term_string}"},"query-input":{"@type":"PropertyValueSpecification","valueRequired":true,"valueName":"search_term_string"}}],"inLanguage":"fr-FR"}]}},"_links":{"self":[{"href":"https:\/\/www.shortleaseland.nl\/fr\/wp-json\/wp\/v2\/pages\/84863","targetHints":{"allow":["GET"]}}],"collection":[{"href":"https:\/\/www.shortleaseland.nl\/fr\/wp-json\/wp\/v2\/pages"}],"about":[{"href":"https:\/\/www.shortleaseland.nl\/fr\/wp-json\/wp\/v2\/types\/page"}],"author":[{"embeddable":true,"href":"https:\/\/www.shortleaseland.nl\/fr\/wp-json\/wp\/v2\/users\/28"}],"replies":[{"embeddable":true,"href":"https:\/\/www.shortleaseland.nl\/fr\/wp-json\/wp\/v2\/comments?post=84863"}],"version-history":[{"count":28,"href":"https:\/\/www.shortleaseland.nl\/fr\/wp-json\/wp\/v2\/pages\/84863\/revisions"}],"predecessor-version":[{"id":148894,"href":"https:\/\/www.shortleaseland.nl\/fr\/wp-json\/wp\/v2\/pages\/84863\/revisions\/148894"}],"wp:attachment":[{"href":"https:\/\/www.shortleaseland.nl\/fr\/wp-json\/wp\/v2\/media?parent=84863"}],"curies":[{"name":"wp","href":"https:\/\/api.w.org\/{rel}","templated":true}]}}