{"id":91,"date":"2022-01-14T08:48:20","date_gmt":"2022-01-14T08:48:20","guid":{"rendered":"https:\/\/eurocarsbedrijfswagens.nl\/?page_id=91"},"modified":"2024-12-31T09:21:32","modified_gmt":"2024-12-31T07:21:32","slug":"operational-lease-formulier","status":"publish","type":"page","link":"https:\/\/www.shortleaseland.nl\/fr\/operational-lease-formulier\/","title":{"rendered":"Demander un devis"},"content":{"rendered":"","protected":false},"excerpt":{"rendered":"","protected":false},"author":3,"featured_media":0,"parent":0,"menu_order":0,"comment_status":"closed","ping_status":"closed","template":"templates\/lead-form.php","meta":{"_acf_changed":false,"footnotes":""},"class_list":["post-91","page","type-page","status-publish","hentry"],"acf":[],"yoast_head":"<!-- This site is optimized with the Yoast SEO plugin v25.9 - https:\/\/yoast.com\/wordpress\/plugins\/seo\/ -->\n<title>Offerte aanvraag shortlease - Shortleaseland<\/title>\n<meta name=\"description\" content=\"Vul dit formulier in en ontvang een op jouw wensen aangepaste shortlease offerte \u2713 Inclusief verzekering \u2713 Volledige reparatie &amp; onderhoud \u2713 24\/7 pechhulp.\" \/>\n<meta name=\"robots\" content=\"index, follow, max-snippet:-1, max-image-preview:large, max-video-preview:-1\" \/>\n<link rel=\"canonical\" href=\"https:\/\/www.shortleaseland.nl\/fr\/operational-lease-formulier\/\" \/>\n<meta property=\"og:locale\" content=\"fr_FR\" \/>\n<meta property=\"og:type\" content=\"article\" \/>\n<meta property=\"og:title\" content=\"Offerte aanvraag shortlease - Shortleaseland\" \/>\n<meta property=\"og:description\" content=\"Vul dit formulier in en ontvang een op jouw wensen aangepaste shortlease offerte \u2713 Inclusief verzekering \u2713 Volledige reparatie &amp; onderhoud \u2713 24\/7 pechhulp.\" \/>\n<meta property=\"og:url\" content=\"https:\/\/www.shortleaseland.nl\/fr\/operational-lease-formulier\/\" \/>\n<meta property=\"og:site_name\" content=\"Shortleaseland\" \/>\n<meta property=\"article:modified_time\" content=\"2024-12-31T07:21:32+00:00\" \/>\n<meta name=\"twitter:card\" content=\"summary_large_image\" \/>\n<script type=\"application\/ld+json\" class=\"yoast-schema-graph\">{\"@context\":\"https:\/\/schema.org\",\"@graph\":[{\"@type\":\"WebPage\",\"@id\":\"https:\/\/www.shortleaseland.nl\/operational-lease-formulier\/\",\"url\":\"https:\/\/www.shortleaseland.nl\/operational-lease-formulier\/\",\"name\":\"Offerte aanvraag shortlease - Shortleaseland\",\"isPartOf\":{\"@id\":\"https:\/\/www.shortleaseland.nl\/#website\"},\"datePublished\":\"2022-01-14T08:48:20+00:00\",\"dateModified\":\"2024-12-31T07:21:32+00:00\",\"description\":\"Vul dit formulier in en ontvang een op jouw wensen aangepaste shortlease offerte \u2713 Inclusief verzekering \u2713 Volledige reparatie & onderhoud \u2713 24\/7 pechhulp.\",\"breadcrumb\":{\"@id\":\"https:\/\/www.shortleaseland.nl\/operational-lease-formulier\/#breadcrumb\"},\"inLanguage\":\"fr-FR\",\"potentialAction\":[{\"@type\":\"ReadAction\",\"target\":[\"https:\/\/www.shortleaseland.nl\/operational-lease-formulier\/\"]}]},{\"@type\":\"BreadcrumbList\",\"@id\":\"https:\/\/www.shortleaseland.nl\/operational-lease-formulier\/#breadcrumb\",\"itemListElement\":[{\"@type\":\"ListItem\",\"position\":1,\"name\":\"Home\",\"item\":\"https:\/\/www.shortleaseland.nl\/\"},{\"@type\":\"ListItem\",\"position\":2,\"name\":\"Offerte aanvragen\"}]},{\"@type\":\"WebSite\",\"@id\":\"https:\/\/www.shortleaseland.nl\/#website\",\"url\":\"https:\/\/www.shortleaseland.nl\/\",\"name\":\"Shortleaseland\",\"description\":\"Bij Shortleaseland lease je een bedrijfswagen of personenauto tegen een zeer scherp tarief.\",\"potentialAction\":[{\"@type\":\"SearchAction\",\"target\":{\"@type\":\"EntryPoint\",\"urlTemplate\":\"https:\/\/www.shortleaseland.nl\/?s={search_term_string}\"},\"query-input\":{\"@type\":\"PropertyValueSpecification\",\"valueRequired\":true,\"valueName\":\"search_term_string\"}}],\"inLanguage\":\"fr-FR\"}]}<\/script>\n<!-- \/ Yoast SEO plugin. -->","yoast_head_json":{"title":"Demande de devis pour une location courte dur\u00e9e - Shortleaseland","description":"Remplissez ce formulaire et recevez un devis de location courte dur\u00e9e adapt\u00e9 \u00e0 vos besoins. \u2713 Assurance incluse \u2713 R\u00e9parations et entretien complets \u2713 Assistance routi\u00e8re 24h\/24 et 7j\/7.","robots":{"index":"index","follow":"follow","max-snippet":"max-snippet:-1","max-image-preview":"max-image-preview:large","max-video-preview":"max-video-preview:-1"},"canonical":"https:\/\/www.shortleaseland.nl\/fr\/operational-lease-formulier\/","og_locale":"fr_FR","og_type":"article","og_title":"Offerte aanvraag shortlease - Shortleaseland","og_description":"Vul dit formulier in en ontvang een op jouw wensen aangepaste shortlease offerte \u2713 Inclusief verzekering \u2713 Volledige reparatie & onderhoud \u2713 24\/7 pechhulp.","og_url":"https:\/\/www.shortleaseland.nl\/fr\/operational-lease-formulier\/","og_site_name":"Shortleaseland","article_modified_time":"2024-12-31T07:21:32+00:00","twitter_card":"summary_large_image","schema":{"@context":"https:\/\/schema.org","@graph":[{"@type":"WebPage","@id":"https:\/\/www.shortleaseland.nl\/operational-lease-formulier\/","url":"https:\/\/www.shortleaseland.nl\/operational-lease-formulier\/","name":"Demande de devis pour une location courte dur\u00e9e - Shortleaseland","isPartOf":{"@id":"https:\/\/www.shortleaseland.nl\/#website"},"datePublished":"2022-01-14T08:48:20+00:00","dateModified":"2024-12-31T07:21:32+00:00","description":"Remplissez ce formulaire et recevez un devis de location courte dur\u00e9e adapt\u00e9 \u00e0 vos besoins. \u2713 Assurance incluse \u2713 R\u00e9parations et entretien complets \u2713 Assistance routi\u00e8re 24h\/24 et 7j\/7.","breadcrumb":{"@id":"https:\/\/www.shortleaseland.nl\/operational-lease-formulier\/#breadcrumb"},"inLanguage":"fr-FR","potentialAction":[{"@type":"ReadAction","target":["https:\/\/www.shortleaseland.nl\/operational-lease-formulier\/"]}]},{"@type":"BreadcrumbList","@id":"https:\/\/www.shortleaseland.nl\/operational-lease-formulier\/#breadcrumb","itemListElement":[{"@type":"ListItem","position":1,"name":"Home","item":"https:\/\/www.shortleaseland.nl\/"},{"@type":"ListItem","position":2,"name":"Offerte aanvragen"}]},{"@type":"WebSite","@id":"https:\/\/www.shortleaseland.nl\/#website","url":"https:\/\/www.shortleaseland.nl\/","name":"Shortleaseland","description":"Chez Shortleaseland, vous louez une voiture de soci\u00e9t\u00e9 ou une voiture de tourisme \u00e0 un tarif tr\u00e8s comp\u00e9titif.","potentialAction":[{"@type":"SearchAction","target":{"@type":"EntryPoint","urlTemplate":"https:\/\/www.shortleaseland.nl\/?s={search_term_string}"},"query-input":{"@type":"PropertyValueSpecification","valueRequired":true,"valueName":"search_term_string"}}],"inLanguage":"fr-FR"}]}},"_links":{"self":[{"href":"https:\/\/www.shortleaseland.nl\/fr\/wp-json\/wp\/v2\/pages\/91","targetHints":{"allow":["GET"]}}],"collection":[{"href":"https:\/\/www.shortleaseland.nl\/fr\/wp-json\/wp\/v2\/pages"}],"about":[{"href":"https:\/\/www.shortleaseland.nl\/fr\/wp-json\/wp\/v2\/types\/page"}],"author":[{"embeddable":true,"href":"https:\/\/www.shortleaseland.nl\/fr\/wp-json\/wp\/v2\/users\/3"}],"replies":[{"embeddable":true,"href":"https:\/\/www.shortleaseland.nl\/fr\/wp-json\/wp\/v2\/comments?post=91"}],"version-history":[{"count":24,"href":"https:\/\/www.shortleaseland.nl\/fr\/wp-json\/wp\/v2\/pages\/91\/revisions"}],"predecessor-version":[{"id":147715,"href":"https:\/\/www.shortleaseland.nl\/fr\/wp-json\/wp\/v2\/pages\/91\/revisions\/147715"}],"wp:attachment":[{"href":"https:\/\/www.shortleaseland.nl\/fr\/wp-json\/wp\/v2\/media?parent=91"}],"curies":[{"name":"wp","href":"https:\/\/api.w.org\/{rel}","templated":true}]}}